{"id":108,"date":"2026-01-04T02:42:43","date_gmt":"2026-01-04T01:42:43","guid":{"rendered":"https:\/\/lchcoiffure.fr\/?page_id=108"},"modified":"2026-01-04T17:01:30","modified_gmt":"2026-01-04T16:01:30","slug":"qui-sommes-nous","status":"publish","type":"page","link":"https:\/\/lchcoiffure.fr\/?page_id=108","title":{"rendered":"Qui sommes-nous"},"content":{"rendered":"\n<p>Chez LCH Coiffure, nous croyons que chaque personne m\u00e9rite de se sentir belle, confiante et pleinement elle\u2011m\u00eame. Notre salon accueille toutes les textures, tous les styles et toutes les envies, avec une approche moderne et personnalis\u00e9e. Nous mettons notre savoir\u2011faire au service de vos cheveux pour cr\u00e9er des looks qui vous ressemblent, du plus naturel au plus audacieux. LCH Coiffure, c\u2019est un espace o\u00f9 la beaut\u00e9 se vit, se partage et se c\u00e9l\u00e8bre.<\/p>\n\n\n\n<figure class=\"wp-block-image size-large\"><img fetchpriority=\"high\" width=\"768\" height=\"1024\"  alt=\"\" class=\"wp-image-203 lws-optimize-lazyload\"\/ data-src=\"https:\/\/lchcoiffure.fr\/wp-content\/uploads\/2026\/01\/WhatsApp-Image-2026-01-04-at-16.46.17-768x1024.jpeg\" srcset=\"https:\/\/lchcoiffure.fr\/wp-content\/uploads\/2026\/01\/WhatsApp-Image-2026-01-04-at-16.46.17-768x1024.jpeg 768w, https:\/\/lchcoiffure.fr\/wp-content\/uploads\/2026\/01\/WhatsApp-Image-2026-01-04-at-16.46.17-225x300.jpeg 225w, https:\/\/lchcoiffure.fr\/wp-content\/uploads\/2026\/01\/WhatsApp-Image-2026-01-04-at-16.46.17-1152x1536.jpeg 1152w, https:\/\/lchcoiffure.fr\/wp-content\/uploads\/2026\/01\/WhatsApp-Image-2026-01-04-at-16.46.17.jpeg 1200w\" sizes=\"(max-width: 768px) 100vw, 768px\" \/><\/figure>\n","protected":false},"excerpt":{"rendered":"<p>Chez LCH Coiffure, nous croyons que chaque personne m\u00e9rite de se sentir belle, confiante et pleinement elle\u2011m\u00eame. Notre salon accueille toutes les textures, tous les styles et toutes les envies, avec une approche moderne et personnalis\u00e9e. Nous mettons notre savoir\u2011faire au service de vos cheveux pour cr\u00e9er des looks qui vous ressemblent, du plus naturel [&hellip;]<\/p>\n","protected":false},"author":1,"featured_media":117,"parent":0,"menu_order":0,"comment_status":"closed","ping_status":"closed","template":"","meta":{"_eb_attr":"","_monsterinsights_skip_tracking":false,"_monsterinsights_sitenote_active":false,"_monsterinsights_sitenote_note":"","_monsterinsights_sitenote_category":0,"_uf_show_specific_survey":0,"_uf_disable_surveys":false,"footnotes":""},"class_list":["post-108","page","type-page","status-publish","has-post-thumbnail","hentry"],"aioseo_notices":[],"_links":{"self":[{"href":"https:\/\/lchcoiffure.fr\/index.php?rest_route=\/wp\/v2\/pages\/108","targetHints":{"allow":["GET"]}}],"collection":[{"href":"https:\/\/lchcoiffure.fr\/index.php?rest_route=\/wp\/v2\/pages"}],"about":[{"href":"https:\/\/lchcoiffure.fr\/index.php?rest_route=\/wp\/v2\/types\/page"}],"author":[{"embeddable":true,"href":"https:\/\/lchcoiffure.fr\/index.php?rest_route=\/wp\/v2\/users\/1"}],"replies":[{"embeddable":true,"href":"https:\/\/lchcoiffure.fr\/index.php?rest_route=%2Fwp%2Fv2%2Fcomments&post=108"}],"version-history":[{"count":2,"href":"https:\/\/lchcoiffure.fr\/index.php?rest_route=\/wp\/v2\/pages\/108\/revisions"}],"predecessor-version":[{"id":208,"href":"https:\/\/lchcoiffure.fr\/index.php?rest_route=\/wp\/v2\/pages\/108\/revisions\/208"}],"wp:featuredmedia":[{"embeddable":true,"href":"https:\/\/lchcoiffure.fr\/index.php?rest_route=\/wp\/v2\/media\/117"}],"wp:attachment":[{"href":"https:\/\/lchcoiffure.fr\/index.php?rest_route=%2Fwp%2Fv2%2Fmedia&parent=108"}],"curies":[{"name":"wp","href":"https:\/\/api.w.org\/{rel}","templated":true}]}}